{"id":173,"date":"2024-10-02T09:51:26","date_gmt":"2024-10-02T07:51:26","guid":{"rendered":"https:\/\/undschwestern.wordpress.com\/?page_id=173"},"modified":"2025-02-04T16:09:14","modified_gmt":"2025-02-04T15:09:14","slug":"impressum","status":"publish","type":"page","link":"https:\/\/undschwestern.de\/index.php\/impressum\/","title":{"rendered":"impressum"},"content":{"rendered":"\n<div class=\"wp-block-group alignwide is-content-justification-center is-nowrap is-layout-flex wp-container-core-group-is-layout-23441af8 wp-block-group-is-layout-flex\">\n<div class=\"wp-block-group alignfull has-global-padding is-content-justification-left is-layout-constrained wp-container-core-group-is-layout-958becf1 wp-block-group-is-layout-constrained\" style=\"margin-top:0;margin-bottom:0;padding-top:calc( 0.5 * var(--wp--style--root--padding-right, var(--wp--custom--gap--horizontal)));padding-right:var(--wp--style--root--padding-right, var(--wp--custom--gap--horizontal));padding-bottom:calc( 0.5 * var(--wp--style--root--padding-right, var(--wp--custom--gap--horizontal)));padding-left:var(--wp--style--root--padding-left, var(--wp--custom--gap--horizontal))\">\n<div style=\"height:20px\" aria-hidden=\"true\" class=\"wp-block-spacer\"><\/div>\n\n\n\n<h1 class=\"wp-block-heading has-text-align-center\" style=\"font-size:clamp(3.615rem, 3.615rem + ((1vw - 0.2rem) * 6.475), 7.5rem);\"><strong>impressum<\/strong><\/h1>\n\n\n\n<div style=\"height:36px\" aria-hidden=\"true\" class=\"wp-block-spacer\"><\/div>\n<\/div>\n<\/div>\n\n\n\n<div class=\"wp-block-group alignwide is-nowrap is-layout-flex wp-container-core-group-is-layout-6c531013 wp-block-group-is-layout-flex\">\n<h4 class=\"wp-block-heading alignwide has-text-align-center\" style=\"font-size:clamp(1.352rem, 1.352rem + ((1vw - 0.2rem) * 1.413), 2.2rem);\"><strong>Angaben gem\u00e4\u00df \u00a7 5 TMG<\/strong><\/h4>\n<\/div>\n\n\n\n<div class=\"wp-block-group alignwide is-nowrap is-layout-flex wp-container-core-group-is-layout-6c531013 wp-block-group-is-layout-flex\">\n<p class=\"has-large-font-size\">undschwestern&nbsp;<br>K\u00fcpper und Haverk\u00e4mper GbR<br>Britta K\u00fcpper &amp; Heike Haverk\u00e4mper<br><br>Paul-Finger-Str. 19<br>K\u00d6LN, 50858<br>Deutschland<\/p>\n<\/div>\n\n\n\n<div class=\"wp-block-group alignwide is-nowrap is-layout-flex wp-container-core-group-is-layout-6c531013 wp-block-group-is-layout-flex\">\n<h4 class=\"wp-block-heading alignwide has-text-align-left\" style=\"font-size:clamp(1.352rem, 1.352rem + ((1vw - 0.2rem) * 1.413), 2.2rem);\"><strong><strong>Umsatzsteuer-Identifikationsnummer<br>gem\u00e4\u00df \u00a727 a Umsatzsteuergesetz:<\/strong><\/strong><\/h4>\n<\/div>\n\n\n\n<div class=\"wp-block-group alignwide is-nowrap is-layout-flex wp-container-core-group-is-layout-6c531013 wp-block-group-is-layout-flex\">\n<p class=\"has-large-font-size\">DE353226737<\/p>\n<\/div>\n\n\n\n<div class=\"wp-block-group alignwide is-nowrap is-layout-flex wp-container-core-group-is-layout-6c531013 wp-block-group-is-layout-flex\">\n<h4 class=\"wp-block-heading alignwide has-text-align-left\" style=\"font-size:clamp(1.352rem, 1.352rem + ((1vw - 0.2rem) * 1.413), 2.2rem);\"><strong><strong>Kontakt:<\/strong><\/strong><\/h4>\n<\/div>\n\n\n\n<div class=\"wp-block-group alignwide is-nowrap is-layout-flex wp-container-core-group-is-layout-6c531013 wp-block-group-is-layout-flex\">\n<p class=\"has-large-font-size\">Telefon: 022196022866<br>Mail: mail@undschwestern.de<\/p>\n<\/div>\n\n\n\n<div style=\"height:100px\" aria-hidden=\"true\" class=\"wp-block-spacer\"><\/div>\n\n\n\n<div class=\"wp-block-group is-nowrap is-layout-flex wp-container-core-group-is-layout-6c531013 wp-block-group-is-layout-flex\"><\/div>\n\n\n\n<div class=\"wp-block-group has-global-padding is-content-justification-left is-layout-constrained wp-container-core-group-is-layout-12dd3699 wp-block-group-is-layout-constrained\"><\/div>\n","protected":false},"excerpt":{"rendered":"<p>impressum Angaben gem\u00e4\u00df \u00a7 5 TMG undschwestern&nbsp;K\u00fcpper und Haverk\u00e4mper GbRBritta K\u00fcpper &amp; Heike Haverk\u00e4mper Paul-Finger-Str. 19K\u00d6LN, 50858Deutschland Umsatzsteuer-Identifikationsnummergem\u00e4\u00df \u00a727 a Umsatzsteuergesetz: DE353226737 Kontakt: Telefon: 022196022866Mail: mail@undschwestern.de<\/p>\n","protected":false},"author":1,"featured_media":0,"parent":0,"menu_order":0,"comment_status":"closed","ping_status":"closed","template":"","meta":{"om_disable_all_campaigns":false,"_monsterinsights_skip_tracking":false,"_monsterinsights_sitenote_active":false,"_monsterinsights_sitenote_note":"","_monsterinsights_sitenote_category":0,"footnotes":""},"class_list":["post-173","page","type-page","status-publish","hentry"],"aioseo_notices":[],"_links":{"self":[{"href":"https:\/\/undschwestern.de\/index.php\/wp-json\/wp\/v2\/pages\/173","targetHints":{"allow":["GET"]}}],"collection":[{"href":"https:\/\/undschwestern.de\/index.php\/wp-json\/wp\/v2\/pages"}],"about":[{"href":"https:\/\/undschwestern.de\/index.php\/wp-json\/wp\/v2\/types\/page"}],"author":[{"embeddable":true,"href":"https:\/\/undschwestern.de\/index.php\/wp-json\/wp\/v2\/users\/1"}],"replies":[{"embeddable":true,"href":"https:\/\/undschwestern.de\/index.php\/wp-json\/wp\/v2\/comments?post=173"}],"version-history":[{"count":18,"href":"https:\/\/undschwestern.de\/index.php\/wp-json\/wp\/v2\/pages\/173\/revisions"}],"predecessor-version":[{"id":740,"href":"https:\/\/undschwestern.de\/index.php\/wp-json\/wp\/v2\/pages\/173\/revisions\/740"}],"wp:attachment":[{"href":"https:\/\/undschwestern.de\/index.php\/wp-json\/wp\/v2\/media?parent=173"}],"curies":[{"name":"wp","href":"https:\/\/api.w.org\/{rel}","templated":true}]}}